{"id":28,"date":"2025-09-10T08:19:33","date_gmt":"2025-09-10T06:19:33","guid":{"rendered":"https:\/\/winwinlavacheq.wpenginepowered.com\/?page_id=28"},"modified":"2025-09-26T14:43:57","modified_gmt":"2025-09-26T12:43:57","slug":"uvodni-stranka","status":"publish","type":"page","link":"https:\/\/winwin.lavachequirit.ch\/","title":{"rendered":"\u00davodn\u00ed str\u00e1nka"},"content":{"rendered":"","protected":false},"excerpt":{"rendered":"","protected":false},"author":1,"featured_media":0,"parent":0,"menu_order":0,"comment_status":"closed","ping_status":"closed","template":"","meta":{"footnotes":""},"class_list":["post-28","page","type-page","status-publish","hentry"],"acf":[],"yoast_head":"<!-- This site is optimized with the Yoast SEO Premium plugin v20.5 (Yoast SEO v26.0) - https:\/\/yoast.com\/wordpress\/plugins\/seo\/ -->\n<title>\u00davodn\u00ed str\u00e1nka - La Vache Qui Rit<\/title>\n<meta name=\"robots\" content=\"index, follow, max-snippet:-1, max-image-preview:large, max-video-preview:-1\" \/>\n<link rel=\"canonical\" href=\"https:\/\/winwin.lavachequirit.ch\/\" \/>\n<meta property=\"og:locale\" content=\"cs_CZ\" \/>\n<meta property=\"og:type\" content=\"article\" \/>\n<meta property=\"og:title\" content=\"\u00davodn\u00ed str\u00e1nka\" \/>\n<meta property=\"og:url\" content=\"https:\/\/winwin.lavachequirit.ch\/\" \/>\n<meta property=\"og:site_name\" content=\"La Vache Qui Rit\" \/>\n<meta property=\"article:modified_time\" content=\"2025-09-26T12:43:57+00:00\" \/>\n<meta name=\"twitter:card\" content=\"summary_large_image\" \/>\n<script type=\"application\/ld+json\" class=\"yoast-schema-graph\">{\"@context\":\"https:\/\/schema.org\",\"@graph\":[{\"@type\":\"WebPage\",\"@id\":\"https:\/\/winwin.lavachequirit.ch\/\",\"url\":\"https:\/\/winwin.lavachequirit.ch\/\",\"name\":\"\u00davodn\u00ed str\u00e1nka - La Vache Qui Rit\",\"isPartOf\":{\"@id\":\"https:\/\/winwin.lavachequirit.ch\/#website\"},\"datePublished\":\"2025-09-10T06:19:33+00:00\",\"dateModified\":\"2025-09-26T12:43:57+00:00\",\"breadcrumb\":{\"@id\":\"https:\/\/winwin.lavachequirit.ch\/#breadcrumb\"},\"inLanguage\":\"cs\",\"potentialAction\":[{\"@type\":\"ReadAction\",\"target\":[\"https:\/\/winwin.lavachequirit.ch\/\"]}]},{\"@type\":\"BreadcrumbList\",\"@id\":\"https:\/\/winwin.lavachequirit.ch\/#breadcrumb\",\"itemListElement\":[{\"@type\":\"ListItem\",\"position\":1,\"name\":\"Home\",\"item\":\"https:\/\/winwin.lavachequirit.ch\/\"},{\"@type\":\"ListItem\",\"position\":2,\"name\":\"\u00davodn\u00ed str\u00e1nka\"}]},{\"@type\":\"WebSite\",\"@id\":\"https:\/\/winwin.lavachequirit.ch\/#website\",\"url\":\"https:\/\/winwin.lavachequirit.ch\/\",\"name\":\"La Vache Qui Rit\",\"description\":\"\",\"publisher\":{\"@id\":\"https:\/\/winwin.lavachequirit.ch\/#organization\"},\"potentialAction\":[{\"@type\":\"SearchAction\",\"target\":{\"@type\":\"EntryPoint\",\"urlTemplate\":\"https:\/\/winwin.lavachequirit.ch\/?s={search_term_string}\"},\"query-input\":{\"@type\":\"PropertyValueSpecification\",\"valueRequired\":true,\"valueName\":\"search_term_string\"}}],\"inLanguage\":\"cs\"},{\"@type\":\"Organization\",\"@id\":\"https:\/\/winwin.lavachequirit.ch\/#organization\",\"name\":\"La Vache Qui Rit\",\"url\":\"https:\/\/winwin.lavachequirit.ch\/\",\"logo\":{\"@type\":\"ImageObject\",\"inLanguage\":\"cs\",\"@id\":\"https:\/\/winwin.lavachequirit.ch\/#\/schema\/logo\/image\/\",\"url\":\"https:\/\/winwin.lavachequirit.ch\/wp-content\/uploads\/2025\/09\/Group-451.png\",\"contentUrl\":\"https:\/\/winwin.lavachequirit.ch\/wp-content\/uploads\/2025\/09\/Group-451.png\",\"width\":116,\"height\":127,\"caption\":\"La Vache Qui Rit\"},\"image\":{\"@id\":\"https:\/\/winwin.lavachequirit.ch\/#\/schema\/logo\/image\/\"}}]}<\/script>\n<!-- \/ Yoast SEO Premium plugin. -->","yoast_head_json":{"title":"\u00davodn\u00ed str\u00e1nka - La Vache Qui Rit","robots":{"index":"index","follow":"follow","max-snippet":"max-snippet:-1","max-image-preview":"max-image-preview:large","max-video-preview":"max-video-preview:-1"},"canonical":"https:\/\/winwin.lavachequirit.ch\/","og_locale":"cs_CZ","og_type":"article","og_title":"\u00davodn\u00ed str\u00e1nka","og_url":"https:\/\/winwin.lavachequirit.ch\/","og_site_name":"La Vache Qui Rit","article_modified_time":"2025-09-26T12:43:57+00:00","twitter_card":"summary_large_image","schema":{"@context":"https:\/\/schema.org","@graph":[{"@type":"WebPage","@id":"https:\/\/winwin.lavachequirit.ch\/","url":"https:\/\/winwin.lavachequirit.ch\/","name":"\u00davodn\u00ed str\u00e1nka - La Vache Qui Rit","isPartOf":{"@id":"https:\/\/winwin.lavachequirit.ch\/#website"},"datePublished":"2025-09-10T06:19:33+00:00","dateModified":"2025-09-26T12:43:57+00:00","breadcrumb":{"@id":"https:\/\/winwin.lavachequirit.ch\/#breadcrumb"},"inLanguage":"cs","potentialAction":[{"@type":"ReadAction","target":["https:\/\/winwin.lavachequirit.ch\/"]}]},{"@type":"BreadcrumbList","@id":"https:\/\/winwin.lavachequirit.ch\/#breadcrumb","itemListElement":[{"@type":"ListItem","position":1,"name":"Home","item":"https:\/\/winwin.lavachequirit.ch\/"},{"@type":"ListItem","position":2,"name":"\u00davodn\u00ed str\u00e1nka"}]},{"@type":"WebSite","@id":"https:\/\/winwin.lavachequirit.ch\/#website","url":"https:\/\/winwin.lavachequirit.ch\/","name":"La Vache Qui Rit","description":"","publisher":{"@id":"https:\/\/winwin.lavachequirit.ch\/#organization"},"potentialAction":[{"@type":"SearchAction","target":{"@type":"EntryPoint","urlTemplate":"https:\/\/winwin.lavachequirit.ch\/?s={search_term_string}"},"query-input":{"@type":"PropertyValueSpecification","valueRequired":true,"valueName":"search_term_string"}}],"inLanguage":"cs"},{"@type":"Organization","@id":"https:\/\/winwin.lavachequirit.ch\/#organization","name":"La Vache Qui Rit","url":"https:\/\/winwin.lavachequirit.ch\/","logo":{"@type":"ImageObject","inLanguage":"cs","@id":"https:\/\/winwin.lavachequirit.ch\/#\/schema\/logo\/image\/","url":"https:\/\/winwin.lavachequirit.ch\/wp-content\/uploads\/2025\/09\/Group-451.png","contentUrl":"https:\/\/winwin.lavachequirit.ch\/wp-content\/uploads\/2025\/09\/Group-451.png","width":116,"height":127,"caption":"La Vache Qui Rit"},"image":{"@id":"https:\/\/winwin.lavachequirit.ch\/#\/schema\/logo\/image\/"}}]}},"_links":{"self":[{"href":"https:\/\/winwin.lavachequirit.ch\/index.php?rest_route=\/wp\/v2\/pages\/28","targetHints":{"allow":["GET"]}}],"collection":[{"href":"https:\/\/winwin.lavachequirit.ch\/index.php?rest_route=\/wp\/v2\/pages"}],"about":[{"href":"https:\/\/winwin.lavachequirit.ch\/index.php?rest_route=\/wp\/v2\/types\/page"}],"author":[{"embeddable":true,"href":"https:\/\/winwin.lavachequirit.ch\/index.php?rest_route=\/wp\/v2\/users\/1"}],"replies":[{"embeddable":true,"href":"https:\/\/winwin.lavachequirit.ch\/index.php?rest_route=%2Fwp%2Fv2%2Fcomments&post=28"}],"version-history":[{"count":0,"href":"https:\/\/winwin.lavachequirit.ch\/index.php?rest_route=\/wp\/v2\/pages\/28\/revisions"}],"wp:attachment":[{"href":"https:\/\/winwin.lavachequirit.ch\/index.php?rest_route=%2Fwp%2Fv2%2Fmedia&parent=28"}],"curies":[{"name":"wp","href":"https:\/\/api.w.org\/{rel}","templated":true}]}}